{"id":4646,"date":"2024-06-18T17:48:54","date_gmt":"2024-06-18T21:48:54","guid":{"rendered":"https:\/\/globalbco.com\/web\/?page_id=4646"},"modified":"2025-05-30T13:03:24","modified_gmt":"2025-05-30T17:03:24","slug":"cookie-policy","status":"publish","type":"page","link":"https:\/\/globalbco.com\/web\/cookie-policy\/","title":{"rendered":"Politicas &#8211; Cookies"},"content":{"rendered":"\n[et_pb_section fb_built=\u00bb1&#8243; admin_label=\u00bbHero\u00bb _builder_version=\u00bb4.25.2&#8243; _module_preset=\u00bbdefault\u00bb background_color=\u00bb#111111&#8243; use_background_color_gradient=\u00bbon\u00bb background_color_gradient_stops=\u00bbrgba(255,255,255,0) 0%|rgba(0,0,0,0.29) 46%\u00bb background_color_gradient_overlays_image=\u00bbon\u00bb background_color_gradient_start=\u00bbrgba(0,0,0,0.5)\u00bb background_color_gradient_end=\u00bbrgba(0,0,0,0.75)\u00bb background_enable_image=\u00bboff\u00bb parallax=\u00bbon\u00bb custom_padding=\u00bb0vw||0vw||true|false\u00bb background_last_edited=\u00bbon|desktop\u00bb use_background_color_gradient_tablet=\u00bbon\u00bb use_background_color_gradient_phone=\u00bbon\u00bb background_color_gradient_stops_tablet=\u00bbrgba(255,255,255,0) 0%|rgba(0,0,0,0.5) 44%\u00bb background_color_gradient_stops_phone=\u00bbrgba(255,255,255,0) 0%|rgba(0,0,0,0.8) 45%\u00bb background_enable_image_phone=\u00bboff\u00bb background_enable_mask_style_tablet=\u00bboff\u00bb background_enable_mask_style_phone=\u00bboff\u00bb locked=\u00bboff\u00bb collapsed=\u00bbon\u00bb global_colors_info=\u00bb{%22#219ebc%22:%91%22background_color%22%93}\u00bb][et_pb_row column_structure=\u00bb3_5,2_5&#8243; _builder_version=\u00bb4.25.1&#8243; _module_preset=\u00bb5138c454-be54-4233-bd3b-f8e6a8747976&#8243; custom_padding=\u00bb120px||120px||false|false\u00bb locked=\u00bboff\u00bb global_colors_info=\u00bb{}\u00bb][et_pb_column type=\u00bb3_5&#8243; _builder_version=\u00bb4.23.1&#8243; _module_preset=\u00bb73121f80-a3ef-4484-8763-c3f18e3c56d2&#8243; global_colors_info=\u00bb{}\u00bb][et_pb_heading _builder_version=\u00bb4.25.2&#8243; _module_preset=\u00bbf0c675ea-2574-4d0e-b725-30f8550a8550&#8243; title_level=\u00bbh4&#8243; title_font=\u00bbArial|700||on|||||\u00bb title_text_color=\u00bb#00bad3&#8243; title_font_size=\u00bb14px\u00bb title_letter_spacing=\u00bb1px\u00bb title_line_height=\u00bb1.4em\u00bb custom_margin=\u00bb||10px||false|false\u00bb title_text_align_tablet=\u00bbcenter\u00bb title_text_align_phone=\u00bbcenter\u00bb title_text_align_last_edited=\u00bbon|tablet\u00bb title_font_size_tablet=\u00bb13px\u00bb title_font_size_phone=\u00bb13px\u00bb title_font_size_last_edited=\u00bbon|desktop\u00bb locked=\u00bboff\u00bb global_colors_info=\u00bb{%22#023047%22:%91%22title_text_color%22%93}\u00bb][\/et_pb_heading][et_pb_heading title=\u00bbPol\u00edticas:\u00bb _builder_version=\u00bb4.25.2&#8243; _module_preset=\u00bbddeb8c09-9078-4424-bc15-2efb6572e28e\u00bb title_level=\u00bbh4&#8243; title_font=\u00bbArial|700||on|||||\u00bb title_text_color=\u00bb#ec0905&#8243; title_font_size=\u00bb14px\u00bb title_letter_spacing=\u00bb1px\u00bb title_line_height=\u00bb1.4em\u00bb custom_margin=\u00bb||10px||false|false\u00bb title_font_size_tablet=\u00bb13px\u00bb title_font_size_phone=\u00bb13px\u00bb title_font_size_last_edited=\u00bbon|desktop\u00bb locked=\u00bboff\u00bb global_colors_info=\u00bb{%22#023047%22:%91%22title_text_color%22%93}\u00bb][\/et_pb_heading][et_pb_heading title=\u00bbCookies\u00bb _builder_version=\u00bb4.25.2&#8243; _module_preset=\u00bbddeb8c09-9078-4424-bc15-2efb6572e28e\u00bb title_font=\u00bb|700|||||||\u00bb title_text_color=\u00bb#FFFFFF\u00bb title_line_height=\u00bb1.15em\u00bb width=\u00bb99.3%\u00bb custom_margin=\u00bb||-3px|||\u00bb title_text_align_tablet=\u00bbcenter\u00bb title_text_align_phone=\u00bbcenter\u00bb title_text_align_last_edited=\u00bbon|tablet\u00bb title_font_size_tablet=\u00bb40px\u00bb title_font_size_phone=\u00bb24px\u00bb title_font_size_last_edited=\u00bbon|phone\u00bb locked=\u00bboff\u00bb global_colors_info=\u00bb{}\u00bb][\/et_pb_heading][et_pb_text quote_border_color=\u00bb#219ebc\u00bb _builder_version=\u00bb4.25.2&#8243; _module_preset=\u00bb2c55a9c4-feed-423b-9edb-ae0b5b365cac\u00bb text_font=\u00bbArial|Arial_weight|||||||\u00bb text_text_color=\u00bb#f5f5f5&#8243; text_font_size=\u00bb20px\u00bb text_line_height=\u00bb1.75em\u00bb link_font=\u00bb|Arial_weight|||||||\u00bb link_text_color=\u00bb#023047&#8243; quote_font=\u00bbArial|Arial_weight|||||||\u00bb quote_text_color=\u00bb#0e0c19&#8243; header_font=\u00bbArial|Arial_weight|||||||\u00bb header_text_color=\u00bb#0e0c19&#8243; header_font_size=\u00bb72px\u00bb header_line_height=\u00bb1.15em\u00bb header_2_font=\u00bbArial|Arial_weight|||||||\u00bb header_2_text_color=\u00bb#0e0c19&#8243; header_2_font_size=\u00bb50px\u00bb header_2_line_height=\u00bb1.2em\u00bb header_3_font=\u00bbArial|Arial_weight|||||||\u00bb header_3_text_color=\u00bb#0e0c19&#8243; header_3_font_size=\u00bb32px\u00bb header_3_line_height=\u00bb1.3em\u00bb header_4_font=\u00bbArial|Arial_weight|||||||\u00bb header_4_text_color=\u00bb#0e0c19&#8243; header_4_font_size=\u00bb24px\u00bb header_4_line_height=\u00bb1.4em\u00bb header_5_font=\u00bbArial|Arial_weight|||||||\u00bb header_5_text_color=\u00bb#0e0c19&#8243; header_5_font_size=\u00bb18px\u00bb header_5_line_height=\u00bb1.4em\u00bb header_6_font=\u00bbArial|Arial_weight|||||||\u00bb header_6_text_color=\u00bb#0e0c19&#8243; header_6_line_height=\u00bb1.5em\u00bb text_orientation=\u00bbcenter\u00bb custom_margin=\u00bb||||false|false\u00bb custom_padding=\u00bb3px|||||\u00bb text_font_size_tablet=\u00bb15px\u00bb text_font_size_phone=\u00bb14px\u00bb text_font_size_last_edited=\u00bbon|phone\u00bb header_font_size_tablet=\u00bb40px\u00bb header_font_size_phone=\u00bb24px\u00bb header_font_size_last_edited=\u00bbon|desktop\u00bb header_2_font_size_tablet=\u00bb28px\u00bb header_2_font_size_phone=\u00bb20px\u00bb header_2_font_size_last_edited=\u00bbon|phone\u00bb header_3_font_size_tablet=\u00bb22px\u00bb header_3_font_size_phone=\u00bb17px\u00bb header_3_font_size_last_edited=\u00bbon|phone\u00bb header_4_font_size_tablet=\u00bb18px\u00bb header_4_font_size_phone=\u00bb15px\u00bb header_4_font_size_last_edited=\u00bbon|tablet\u00bb header_5_font_size_tablet=\u00bb15px\u00bb header_5_font_size_phone=\u00bb14px\u00bb header_5_font_size_last_edited=\u00bbon|desktop\u00bb header_6_font_size_tablet=\u00bb13px\u00bb header_6_font_size_phone=\u00bb13px\u00bb header_6_font_size_last_edited=\u00bbon|desktop\u00bb locked=\u00bboff\u00bb global_colors_info=\u00bb{}\u00bb]<p style=\"text-align: left;\">T\u00f3mate unos minutos para leer y <span style=\"background-color: #111111; font-size: 20px;\">aseg\u00fararte de estar informado.de <\/span><span style=\"font-size: 20px;\">nuestras pol\u00edticas.<\/span><\/p>[\/et_pb_text][\/et_pb_column][et_pb_column type=\u00bb2_5&#8243; _builder_version=\u00bb4.23.1&#8243; _module_preset=\u00bb73121f80-a3ef-4484-8763-c3f18e3c56d2&#8243; global_colors_info=\u00bb{}\u00bb][\/et_pb_column][\/et_pb_row][\/et_pb_section][et_pb_section fb_built=\u00bb1&#8243; admin_label=\u00bbExplorar\u00bb module_id=\u00bbExplorar\u00bb _builder_version=\u00bb4.25.1&#8243; _module_preset=\u00bbdefault\u00bb custom_margin=\u00bb|||30px|false|false\u00bb custom_padding=\u00bb30px||60px|||\u00bb border_radii=\u00bboff|20px|||20px\u00bb global_colors_info=\u00bb{}\u00bb][et_pb_row _builder_version=\u00bb4.25.2&#8243; _module_preset=\u00bbdefault\u00bb custom_padding=\u00bb60px||0px||false|false\u00bb global_colors_info=\u00bb{}\u00bb][et_pb_column type=\u00bb4_4&#8243; _builder_version=\u00bb4.25.2&#8243; _module_preset=\u00bbdefault\u00bb global_colors_info=\u00bb{}\u00bb][et_pb_heading title=\u00bb\u00bfPor qu\u00e9 esto es importante?\u00bb _builder_version=\u00bb4.25.2&#8243; _module_preset=\u00bbc33f07d9-41e0-421a-8799-5799df695cce\u00bb title_level=\u00bbh2&#8243; title_font=\u00bb|700|||||||\u00bb title_text_align=\u00bbcenter\u00bb title_text_color=\u00bb#111111&#8243; title_font_size=\u00bb31px\u00bb title_line_height=\u00bb1.2em\u00bb custom_margin=\u00bb||10px||false|false\u00bb title_font_size_tablet=\u00bb28px\u00bb title_font_size_phone=\u00bb20px\u00bb title_font_size_last_edited=\u00bbon|phone\u00bb locked=\u00bboff\u00bb global_colors_info=\u00bb{%22#0e0c19%22:%91%22title_text_color%22,%22title_text_color%22%93}\u00bb][\/et_pb_heading][\/et_pb_column][\/et_pb_row][et_pb_row column_structure=\u00bb1_3,1_3,1_3&#8243; _builder_version=\u00bb4.25.2&#8243; _module_preset=\u00bbdefault\u00bb custom_margin=\u00bb|auto|-25px|auto||\u00bb global_colors_info=\u00bb{}\u00bb][et_pb_column type=\u00bb1_3&#8243; _builder_version=\u00bb4.25.2&#8243; _module_preset=\u00bbdefault\u00bb global_colors_info=\u00bb{}\u00bb][et_pb_blurb title=\u00bbTransparencia\u00bb use_icon=\u00bbon\u00bb font_icon=\u00bb&#xf070;||fa||400&#8243; icon_color=\u00bb#e02b20&#8243; image_icon_width=\u00bb70px\u00bb admin_label=\u00bbBlurb\u00bb _builder_version=\u00bb4.25.2&#8243; header_font=\u00bb|700|||||||\u00bb header_text_align=\u00bbcenter\u00bb header_text_color=\u00bb#000000&#8243; header_font_size=\u00bb20&#8243; body_font=\u00bb|600|||||||\u00bb body_text_align=\u00bbcenter\u00bb body_text_color=\u00bb#000000&#8243; background_enable_color=\u00bboff\u00bb background_size=\u00bbinitial\u00bb background_position=\u00bbtop_left\u00bb background_repeat=\u00bbrepeat\u00bb image_icon_custom_margin=\u00bb||||false|false\u00bb image_icon_custom_padding=\u00bb30px|30px|30px|30px|false|false\u00bb text_orientation=\u00bbcenter\u00bb custom_margin=\u00bb0px|0px|0px|0px|false|false\u00bb custom_padding=\u00bb0px|0px|0px|0px|false|false\u00bb hover_enabled=\u00bb0&#8243; border_radii=\u00bbon|10px|10px|10px|10px\u00bb border_width_all=\u00bb0px\u00bb border_color_all=\u00bb#ffffff\u00bb border_style_all=\u00bbsolid\u00bb border_radii_image=\u00bbon|100%|100%|100%|100%\u00bb border_color_all_image=\u00bb#e02b20&#8243; use_border_color=\u00bbon\u00bb image_max_width=\u00bbnone\u00bb icon_font_size=\u00bb75px\u00bb locked=\u00bboff\u00bb global_colors_info=\u00bb{}\u00bb animation=\u00bboff\u00bb sticky_enabled=\u00bb0&#8243;]<p style=\"text-align: center;\">Conocer\u00e1s c\u00f3mo manejamos tu informaci\u00f3n personal y nuestros compromisos contigo.<\/p>[\/et_pb_blurb][\/et_pb_column][et_pb_column type=\u00bb1_3&#8243; _builder_version=\u00bb4.25.2&#8243; _module_preset=\u00bbdefault\u00bb global_colors_info=\u00bb{}\u00bb][et_pb_blurb title=\u00bbSeguridad\u00bb use_icon=\u00bbon\u00bb font_icon=\u00bb&#xe06c;||divi||400&#8243; icon_color=\u00bb#e02b20&#8243; image_icon_width=\u00bb70px\u00bb admin_label=\u00bbBlurb\u00bb _builder_version=\u00bb4.25.2&#8243; header_font=\u00bb|700|||||||\u00bb header_text_align=\u00bbcenter\u00bb header_text_color=\u00bb#000000&#8243; header_font_size=\u00bb20&#8243; body_font=\u00bb|600|||||||\u00bb body_text_align=\u00bbcenter\u00bb body_text_color=\u00bb#000000&#8243; image_icon_custom_margin=\u00bb||||false|false\u00bb image_icon_custom_padding=\u00bb30px|30px|30px|30px|false|false\u00bb text_orientation=\u00bbcenter\u00bb custom_margin=\u00bb0px|0px|0px|0px|false|false\u00bb custom_padding=\u00bb0px|0px|0px|0px|false|false\u00bb border_radii=\u00bbon|10px|10px|10px|10px\u00bb border_width_all=\u00bb0px\u00bb border_color_all=\u00bb#ffffff\u00bb border_style_all=\u00bbsolid\u00bb border_radii_image=\u00bbon|100%|100%|100%|100%\u00bb border_color_all_image=\u00bb#e02b20&#8243; use_border_color=\u00bbon\u00bb image_max_width=\u00bbnone\u00bb icon_font_size=\u00bb75px\u00bb locked=\u00bboff\u00bb global_colors_info=\u00bb{}\u00bb background_enable_color=\u00bboff\u00bb background_size=\u00bbinitial\u00bb background_position=\u00bbtop_left\u00bb background_repeat=\u00bbrepeat\u00bb animation=\u00bboff\u00bb]<p style=\"text-align: center;\">Entender\u00e1s las medidas que tomamos para proteger tus datos.<\/p>[\/et_pb_blurb][\/et_pb_column][et_pb_column type=\u00bb1_3&#8243; _builder_version=\u00bb4.25.2&#8243; _module_preset=\u00bbdefault\u00bb global_colors_info=\u00bb{}\u00bb][et_pb_blurb title=\u00bbConfianza\u00bb use_icon=\u00bbon\u00bb font_icon=\u00bb&#xf2b5;||fa||900&#8243; icon_color=\u00bb#e02b20&#8243; image_icon_width=\u00bb70px\u00bb admin_label=\u00bbBlurb\u00bb _builder_version=\u00bb4.25.2&#8243; header_font=\u00bb|700|||||||\u00bb header_text_align=\u00bbcenter\u00bb header_text_color=\u00bb#000000&#8243; header_font_size=\u00bb20&#8243; body_font=\u00bb|600|||||||\u00bb body_text_align=\u00bbcenter\u00bb body_text_color=\u00bb#000000&#8243; image_icon_custom_margin=\u00bb||||false|false\u00bb image_icon_custom_padding=\u00bb30px|30px|30px|30px|false|false\u00bb text_orientation=\u00bbcenter\u00bb custom_margin=\u00bb0px|0px|0px|0px|false|false\u00bb custom_padding=\u00bb0px|0px|0px|0px|false|false\u00bb border_radii=\u00bbon|10px|10px|10px|10px\u00bb border_width_all=\u00bb0px\u00bb border_color_all=\u00bb#ffffff\u00bb border_style_all=\u00bbsolid\u00bb border_radii_image=\u00bbon|100%|100%|100%|100%\u00bb border_color_all_image=\u00bb#e02b20&#8243; use_border_color=\u00bbon\u00bb image_max_width=\u00bbnone\u00bb icon_font_size=\u00bb75px\u00bb locked=\u00bboff\u00bb global_colors_info=\u00bb{}\u00bb background_enable_color=\u00bboff\u00bb background_size=\u00bbinitial\u00bb background_position=\u00bbtop_left\u00bb background_repeat=\u00bbrepeat\u00bb animation=\u00bboff\u00bb]<p style=\"text-align: center;\">Conocer\u00e1s tus derechos y responsabilidades como usuario.<\/p>[\/et_pb_blurb][\/et_pb_column][\/et_pb_row][et_pb_row disabled_on=\u00bboff|off|off\u00bb admin_label=\u00bbRow\u00bb _builder_version=\u00bb4.25.2&#8243; background_size=\u00bbinitial\u00bb background_position=\u00bbtop_left\u00bb background_repeat=\u00bbrepeat\u00bb custom_margin=\u00bb0px||0px||false|false\u00bb custom_padding=\u00bb0px||0px||false|false\u00bb locked=\u00bboff\u00bb global_colors_info=\u00bb{}\u00bb][et_pb_column type=\u00bb4_4&#8243; _builder_version=\u00bb4.18.0&#8243; _module_preset=\u00bbdefault\u00bb global_colors_info=\u00bb{}\u00bb][et_pb_heading title=\u00bbCookies\u00bb _builder_version=\u00bb4.25.2&#8243; _module_preset=\u00bbc33f07d9-41e0-421a-8799-5799df695cce\u00bb title_level=\u00bbh2&#8243; title_font=\u00bb|700|||||||\u00bb title_text_align=\u00bbleft\u00bb title_text_color=\u00bb#111111&#8243; title_font_size=\u00bb31px\u00bb title_line_height=\u00bb1.2em\u00bb custom_margin=\u00bb||10px||false|false\u00bb custom_padding=\u00bb60px||||false|false\u00bb title_font_size_tablet=\u00bb28px\u00bb title_font_size_phone=\u00bb20px\u00bb title_font_size_last_edited=\u00bbon|phone\u00bb locked=\u00bboff\u00bb global_colors_info=\u00bb{%22#0e0c19%22:%91%22title_text_color%22,%22title_text_color%22%93}\u00bb][\/et_pb_heading][et_pb_text _builder_version=\u00bb4.25.2&#8243; _module_preset=\u00bbdefault\u00bb global_colors_info=\u00bb{}\u00bb]<p><span>Para que este sitio y nuestras aplicaciones SaaS funcionen correctamente, a veces colocamos peque\u00f1os archivos de datos llamados cookies en su dispositivo. La mayor\u00eda de los grandes sitios web tambi\u00e9n lo hacen.<\/span><\/p>[\/et_pb_text][et_pb_heading title=\u00bb\u00bfQu\u00e9 son las cookies?\u00bb _builder_version=\u00bb4.25.2&#8243; _module_preset=\u00bbc33f07d9-41e0-421a-8799-5799df695cce\u00bb title_level=\u00bbh2&#8243; title_font=\u00bb|700|||||||\u00bb title_text_align=\u00bbleft\u00bb title_text_color=\u00bb#111111&#8243; title_font_size=\u00bb31px\u00bb title_line_height=\u00bb1.2em\u00bb custom_margin=\u00bb||10px||false|false\u00bb custom_padding=\u00bb60px||||false|false\u00bb title_font_size_tablet=\u00bb28px\u00bb title_font_size_phone=\u00bb20px\u00bb title_font_size_last_edited=\u00bbon|phone\u00bb locked=\u00bboff\u00bb global_colors_info=\u00bb{%22#0e0c19%22:%91%22title_text_color%22,%22title_text_color%22%93}\u00bb][\/et_pb_heading][et_pb_text _builder_version=\u00bb4.25.2&#8243; _module_preset=\u00bbdefault\u00bb global_colors_info=\u00bb{}\u00bb]<p><span>Una cookie es un peque\u00f1o archivo de texto que un sitio web guarda en su computadora o dispositivo m\u00f3vil cuando visita el sitio. Permite que el sitio web recuerde sus acciones y preferencias (como el inicio de sesi\u00f3n, el idioma, el tama\u00f1o de la fuente y otras preferencias de visualizaci\u00f3n) durante un per\u00edodo de tiempo, para que no tenga que volver a ingresarlas cada vez que regrese al sitio o navegue de una p\u00e1gina a otra.<\/span><\/p>[\/et_pb_text][et_pb_heading title=\u00bb\u00bfC\u00f3mo utilizamos las cookies?\u00bb _builder_version=\u00bb4.25.2&#8243; _module_preset=\u00bbc33f07d9-41e0-421a-8799-5799df695cce\u00bb title_level=\u00bbh2&#8243; title_font=\u00bb|700|||||||\u00bb title_text_align=\u00bbleft\u00bb title_text_color=\u00bb#111111&#8243; title_font_size=\u00bb31px\u00bb title_line_height=\u00bb1.2em\u00bb custom_margin=\u00bb||10px||false|false\u00bb custom_padding=\u00bb60px||||false|false\u00bb title_font_size_tablet=\u00bb28px\u00bb title_font_size_phone=\u00bb20px\u00bb title_font_size_last_edited=\u00bbon|phone\u00bb locked=\u00bboff\u00bb global_colors_info=\u00bb{%22#0e0c19%22:%91%22title_text_color%22,%22title_text_color%22%93}\u00bb][\/et_pb_heading][et_pb_text _builder_version=\u00bb4.25.2&#8243; _module_preset=\u00bbdefault\u00bb global_colors_info=\u00bb{}\u00bb]<p _msttexthash=\"2273440\" _msthash=\"35\">Varias de nuestras p\u00e1ginas utilizan cookies para recordar:<\/p>\n<ul>\n<li _msttexthash=\"7470671\" _msthash=\"36\">Sus preferencias de visualizaci\u00f3n, como los horarios de las sesiones, los colores del tema o el tama\u00f1o de la fuente.<\/li>\n<li _msttexthash=\"10640942\" _msthash=\"37\">Si ya has respondido a una ventana emergente de una encuesta que te pregunta si el contenido fue \u00fatil o no (para que no se te vuelva a preguntar)<\/li>\n<li _msttexthash=\"1948804\" _msthash=\"38\">Si ha aceptado (o no) nuestro uso de cookies en este sitio<\/li>\n<li _msttexthash=\"16188393\" _msthash=\"39\">Adem\u00e1s, algunos videos incrustados en nuestras p\u00e1ginas utilizan una cookie para recopilar estad\u00edsticas de forma an\u00f3nima sobre c\u00f3mo lleg\u00f3 all\u00ed y qu\u00e9 videos visit\u00f3.<\/li>\n<\/ul>\n<p _msttexthash=\"41860689\" _msthash=\"40\">Habilitar estas cookies no es estrictamente necesario para que el sitio web funcione, pero le proporcionar\u00e1 una mejor experiencia de navegaci\u00f3n. Puede eliminar o bloquear estas cookies, pero si lo hace, es posible que algunas funciones de este sitio no funcionen seg\u00fan lo previsto.<\/p>\n<p _msttexthash=\"31022732\" _msthash=\"41\">La informaci\u00f3n relacionada con las cookies no se utiliza para identificarle personalmente y los datos del patr\u00f3n est\u00e1n totalmente bajo nuestro control. Estas cookies no se utilizan para ning\u00fan otro prop\u00f3sito que no sea el aqu\u00ed descrito.<\/p>[\/et_pb_text][et_pb_heading title=\u00bb\u00bfC\u00f3mo utilizamos las cookies?\u00bb _builder_version=\u00bb4.25.2&#8243; _module_preset=\u00bbc33f07d9-41e0-421a-8799-5799df695cce\u00bb title_level=\u00bbh2&#8243; title_font=\u00bb|700|||||||\u00bb title_text_align=\u00bbleft\u00bb title_text_color=\u00bb#111111&#8243; title_font_size=\u00bb31px\u00bb title_line_height=\u00bb1.2em\u00bb custom_margin=\u00bb||10px||false|false\u00bb custom_padding=\u00bb60px||||false|false\u00bb title_font_size_tablet=\u00bb28px\u00bb title_font_size_phone=\u00bb20px\u00bb title_font_size_last_edited=\u00bbon|phone\u00bb locked=\u00bboff\u00bb global_colors_info=\u00bb{%22#0e0c19%22:%91%22title_text_color%22,%22title_text_color%22%93}\u00bb][\/et_pb_heading][et_pb_text _builder_version=\u00bb4.25.2&#8243; _module_preset=\u00bbdefault\u00bb global_colors_info=\u00bb{}\u00bb]<p _msttexthash=\"2273440\" _msthash=\"35\"><span>Puede controlar y\/o eliminar las cookies como desee: para obtener m\u00e1s informaci\u00f3n, consulte aboutcookies.org. Puede eliminar todas las cookies que ya est\u00e1n en su computadora y puede configurar la mayor\u00eda de los navegadores para evitar que se coloquen. Sin embargo, si lo hace, es posible que tenga que ajustar manualmente algunas preferencias cada vez que visite un sitio y que algunos servicios y funcionalidades no funcionen.<\/span><\/p>[\/et_pb_text][\/et_pb_column][\/et_pb_row][\/et_pb_section]\n","protected":false},"excerpt":{"rendered":"<p>T\u00f3mate unos minutos para leer y aseg\u00fararte de estar informado.de nuestras pol\u00edticas.Conocer\u00e1s c\u00f3mo manejamos tu informaci\u00f3n personal y nuestros compromisos contigo.Entender\u00e1s las medidas que tomamos para proteger tus datos.Conocer\u00e1s tus derechos y responsabilidades como usuario.Para que este sitio y nuestras aplicaciones SaaS funcionen correctamente, a veces colocamos peque\u00f1os archivos de datos llamados cookies en su [&hellip;]<\/p>\n","protected":false},"author":5,"featured_media":0,"parent":0,"menu_order":0,"comment_status":"closed","ping_status":"closed","template":"","meta":{"_et_pb_use_builder":"on","_et_pb_old_content":"","_et_gb_content_width":"","_joinchat":[],"footnotes":""},"class_list":["post-4646","page","type-page","status-publish","hentry"],"_links":{"self":[{"href":"https:\/\/globalbco.com\/web\/wp-json\/wp\/v2\/pages\/4646","targetHints":{"allow":["GET"]}}],"collection":[{"href":"https:\/\/globalbco.com\/web\/wp-json\/wp\/v2\/pages"}],"about":[{"href":"https:\/\/globalbco.com\/web\/wp-json\/wp\/v2\/types\/page"}],"author":[{"embeddable":true,"href":"https:\/\/globalbco.com\/web\/wp-json\/wp\/v2\/users\/5"}],"replies":[{"embeddable":true,"href":"https:\/\/globalbco.com\/web\/wp-json\/wp\/v2\/comments?post=4646"}],"version-history":[{"count":4,"href":"https:\/\/globalbco.com\/web\/wp-json\/wp\/v2\/pages\/4646\/revisions"}],"predecessor-version":[{"id":6419,"href":"https:\/\/globalbco.com\/web\/wp-json\/wp\/v2\/pages\/4646\/revisions\/6419"}],"wp:attachment":[{"href":"https:\/\/globalbco.com\/web\/wp-json\/wp\/v2\/media?parent=4646"}],"curies":[{"name":"wp","href":"https:\/\/api.w.org\/{rel}","templated":true}]}}